{"id":1966,"date":"2026-03-24T12:02:40","date_gmt":"2026-03-24T12:02:40","guid":{"rendered":"https:\/\/handmadebyrusanda.com\/?post_type=product&#038;p=1966"},"modified":"2026-03-29T16:00:01","modified_gmt":"2026-03-29T16:00:01","slug":"masina-autobusiukas-2","status":"publish","type":"product","link":"https:\/\/handmadebyrusanda.com\/en\/product\/masina-autobusiukas-2\/","title":{"rendered":"Car bus"},"content":{"rendered":"","protected":false},"excerpt":{"rendered":"<p><strong>Car bus<\/strong><\/p>\n<p>Rank\u0173 darbo nertas, mielas, mink\u0161tas ir be smulki\u0173 detali\u0173 autobusiukas. Tinkantis patiems ma\u017eiausiems kuriems patinka ma\u0161inyt\u0117s. Smagiai gali \u017eaisti ir nesusi\u017eeisti. Saugus ir mielas, vienetinis rank\u0173 darbo nertas autobusiukas. Ilgis 8cm, plotis 5cm, auk\u0161tis 5cm.<\/p>\n<ul>\n<li>Si\u016blas \u2013 100% akrilas<\/li>\n<li>Prie\u017ei\u016bra \u2013 skalbti \u0161velniai paminkant rankomis \u0161iltame vandenyje<\/li>\n<\/ul>","protected":false},"featured_media":1957,"comment_status":"open","ping_status":"closed","template":"","meta":[],"product_brand":[],"product_cat":[16,51],"product_tag":[],"class_list":{"0":"post-1966","1":"product","2":"type-product","3":"status-publish","4":"has-post-thumbnail","6":"product_cat-minksti-zaislai","7":"product_cat-masinos","9":"first","10":"instock","11":"shipping-taxable","12":"purchasable","13":"product-type-simple","14":"customify-col","15":"product-has-gallery"},"jetpack_sharing_enabled":true,"_links":{"self":[{"href":"https:\/\/handmadebyrusanda.com\/en\/wp-json\/wp\/v2\/product\/1966","targetHints":{"allow":["GET"]}}],"collection":[{"href":"https:\/\/handmadebyrusanda.com\/en\/wp-json\/wp\/v2\/product"}],"about":[{"href":"https:\/\/handmadebyrusanda.com\/en\/wp-json\/wp\/v2\/types\/product"}],"replies":[{"embeddable":true,"href":"https:\/\/handmadebyrusanda.com\/en\/wp-json\/wp\/v2\/comments?post=1966"}],"wp:featuredmedia":[{"embeddable":true,"href":"https:\/\/handmadebyrusanda.com\/en\/wp-json\/wp\/v2\/media\/1957"}],"wp:attachment":[{"href":"https:\/\/handmadebyrusanda.com\/en\/wp-json\/wp\/v2\/media?parent=1966"}],"wp:term":[{"taxonomy":"product_brand","embeddable":true,"href":"https:\/\/handmadebyrusanda.com\/en\/wp-json\/wp\/v2\/product_brand?post=1966"},{"taxonomy":"product_cat","embeddable":true,"href":"https:\/\/handmadebyrusanda.com\/en\/wp-json\/wp\/v2\/product_cat?post=1966"},{"taxonomy":"product_tag","embeddable":true,"href":"https:\/\/handmadebyrusanda.com\/en\/wp-json\/wp\/v2\/product_tag?post=1966"}],"curies":[{"name":"wp","href":"https:\/\/api.w.org\/{rel}","templated":true}]}}