{"id":1818,"date":"2026-01-19T10:58:45","date_gmt":"2026-01-19T10:58:45","guid":{"rendered":"https:\/\/handmadebyrusanda.com\/?post_type=product&#038;p=1818"},"modified":"2026-03-29T16:16:24","modified_gmt":"2026-03-29T16:16:24","slug":"ranku-darbo-nertas-kiskutis-ir-meskutis-45cm-svelnumo","status":"publish","type":"product","link":"https:\/\/handmadebyrusanda.com\/en\/product\/ranku-darbo-nertas-kiskutis-ir-meskutis-45cm-svelnumo\/","title":{"rendered":"Handmade crocheted bunny and teddy bear \u2013 45cm of softness"},"content":{"rendered":"","protected":false},"excerpt":{"rendered":"<p><strong>Handmade crocheted bunny and teddy bear \u2013 45cm of softness\u00a0<\/strong><\/p>\n<p>Looking for a unique gift that will warm your heart?<\/p>\n<p>These 45cm handmade crocheted toys \u2013 a bunny and a teddy bear \u2013 are created with love, care and great attention to detail. The bunny Meilut\u0117 and the teddy bear Ro\u017eyt\u0117 are waiting for warm hugs. Cute and gentle friends for children.<\/p>\n<p>Why are they special?<\/p>\n<p>1.Crocheted from soft hypoallergenic yarn<\/p>\n<p>2. Pleasant to the touch, soft and safe<\/p>\n<p>3. Suitable for children and the interior of a child&#039;s room - as a toy or interior accent<\/p>\n<p>Perfect as a gift:<\/p>\n<p>For a birthday, christening, baby shower or just to make a loved one happy<\/p>\n<p>Each toy is unique, handmade and made with love.<\/p>","protected":false},"featured_media":1829,"comment_status":"open","ping_status":"closed","template":"","meta":[],"product_brand":[],"product_cat":[16],"product_tag":[],"class_list":{"0":"post-1818","1":"product","2":"type-product","3":"status-publish","4":"has-post-thumbnail","6":"product_cat-minksti-zaislai","8":"first","9":"instock","10":"shipping-taxable","11":"purchasable","12":"product-type-variable","13":"has-default-attributes","14":"customify-col","15":"product-has-gallery"},"jetpack_sharing_enabled":true,"_links":{"self":[{"href":"https:\/\/handmadebyrusanda.com\/en\/wp-json\/wp\/v2\/product\/1818","targetHints":{"allow":["GET"]}}],"collection":[{"href":"https:\/\/handmadebyrusanda.com\/en\/wp-json\/wp\/v2\/product"}],"about":[{"href":"https:\/\/handmadebyrusanda.com\/en\/wp-json\/wp\/v2\/types\/product"}],"replies":[{"embeddable":true,"href":"https:\/\/handmadebyrusanda.com\/en\/wp-json\/wp\/v2\/comments?post=1818"}],"wp:featuredmedia":[{"embeddable":true,"href":"https:\/\/handmadebyrusanda.com\/en\/wp-json\/wp\/v2\/media\/1829"}],"wp:attachment":[{"href":"https:\/\/handmadebyrusanda.com\/en\/wp-json\/wp\/v2\/media?parent=1818"}],"wp:term":[{"taxonomy":"product_brand","embeddable":true,"href":"https:\/\/handmadebyrusanda.com\/en\/wp-json\/wp\/v2\/product_brand?post=1818"},{"taxonomy":"product_cat","embeddable":true,"href":"https:\/\/handmadebyrusanda.com\/en\/wp-json\/wp\/v2\/product_cat?post=1818"},{"taxonomy":"product_tag","embeddable":true,"href":"https:\/\/handmadebyrusanda.com\/en\/wp-json\/wp\/v2\/product_tag?post=1818"}],"curies":[{"name":"wp","href":"https:\/\/api.w.org\/{rel}","templated":true}]}}