{"id":1622,"date":"2025-07-21T08:22:14","date_gmt":"2025-07-21T08:22:14","guid":{"rendered":"https:\/\/handmadebyrusanda.com\/?post_type=product&#038;p=1622"},"modified":"2026-04-01T10:43:36","modified_gmt":"2026-04-01T10:43:36","slug":"minkstas-zaislas-lele-drugelis-18cm","status":"publish","type":"product","link":"https:\/\/handmadebyrusanda.com\/en\/product\/minkstas-zaislas-lele-drugelis-18cm\/","title":{"rendered":"Doll \u2013 Butterfly 18cm \u2013 Soft toy"},"content":{"rendered":"","protected":false},"excerpt":{"rendered":"<div><strong>L\u0117lyt\u0117 Drugelis 18cm &#8211; Rank\u0173 darbo nera l\u0117lyt\u0117<\/strong><\/div>\n<div class=\"product_title-wrapper\">Ie\u0161kote mielos, unikalios dovanos ma\u017eai princesei?<br \/>\n\u0160i miela l\u0117lyt\u0117 persirengusi drugeliu gali tapti j\u016bs\u0173 vaiko gera draug\u0117 ir pakeleiv\u0117.<\/div>\n<div>Kadangi ji tik 18cm j\u0105 galima pasiimti \u012f kelion\u0119, dar\u017eel\u012f. Nuostabi draug\u0117. Ma\u017eoms rankyt\u0117s patogu apkabinti, pamiluoti t\u0105 bitut\u0117, nes ji tik 18cm.<\/div>\n<div>\n<p>\u0160i drugeliu persirengusi l\u0117yt\u0117 atne\u0161a\u00a0 gra\u017eius sapnus. Gali palyd\u0117ti \u012f sapn\u0173 karalyst\u0119 kartu prigulus \u0161alia, kadangi yra nediduk\u0117 daug vietos neu\u017eims.Akyt\u0117s saugiai u\u017esegtos i\u0161 vidaus. Spalvos gali truputi skirtis nuo nuotraukos, gyvai.<\/p>\n<\/div>\n<div class=\"woocommerce-product-details__short-description\">\n<p><strong>Thread<\/strong>\u00a0\u2013 55% cotton, 45% acrylic<\/p>\n<p><strong>Wash \u2013\u00a0<\/strong>in warm water, gently rubbing with your hands<\/p>\n<p><strong>A great gift \u2013<\/strong>\u00a0for a birthday, christening or any other occasion to make your little one happy<\/p>\n<\/div>","protected":false},"featured_media":1619,"comment_status":"open","ping_status":"closed","template":"","meta":[],"product_brand":[],"product_cat":[16],"product_tag":[],"class_list":{"0":"post-1622","1":"product","2":"type-product","3":"status-publish","4":"has-post-thumbnail","6":"product_cat-minksti-zaislai","8":"first","9":"instock","10":"shipping-taxable","11":"purchasable","12":"product-type-simple","13":"customify-col","14":"product-has-gallery"},"jetpack_sharing_enabled":true,"_links":{"self":[{"href":"https:\/\/handmadebyrusanda.com\/en\/wp-json\/wp\/v2\/product\/1622","targetHints":{"allow":["GET"]}}],"collection":[{"href":"https:\/\/handmadebyrusanda.com\/en\/wp-json\/wp\/v2\/product"}],"about":[{"href":"https:\/\/handmadebyrusanda.com\/en\/wp-json\/wp\/v2\/types\/product"}],"replies":[{"embeddable":true,"href":"https:\/\/handmadebyrusanda.com\/en\/wp-json\/wp\/v2\/comments?post=1622"}],"wp:featuredmedia":[{"embeddable":true,"href":"https:\/\/handmadebyrusanda.com\/en\/wp-json\/wp\/v2\/media\/1619"}],"wp:attachment":[{"href":"https:\/\/handmadebyrusanda.com\/en\/wp-json\/wp\/v2\/media?parent=1622"}],"wp:term":[{"taxonomy":"product_brand","embeddable":true,"href":"https:\/\/handmadebyrusanda.com\/en\/wp-json\/wp\/v2\/product_brand?post=1622"},{"taxonomy":"product_cat","embeddable":true,"href":"https:\/\/handmadebyrusanda.com\/en\/wp-json\/wp\/v2\/product_cat?post=1622"},{"taxonomy":"product_tag","embeddable":true,"href":"https:\/\/handmadebyrusanda.com\/en\/wp-json\/wp\/v2\/product_tag?post=1622"}],"curies":[{"name":"wp","href":"https:\/\/api.w.org\/{rel}","templated":true}]}}