{"id":1355,"date":"2025-03-17T10:07:24","date_gmt":"2025-03-17T10:07:24","guid":{"rendered":"https:\/\/handmadebyrusanda.com\/?post_type=product&#038;p=1355"},"modified":"2026-03-29T16:58:49","modified_gmt":"2026-03-29T16:58:49","slug":"minkstas-zaislas-lelyte-kake-make21cm","status":"publish","type":"product","link":"https:\/\/handmadebyrusanda.com\/en\/product\/minkstas-zaislas-lelyte-kake-make21cm\/","title":{"rendered":"Doll &quot;Kak\u0117 Mak\u0117&quot; 21cm - Soft toy"},"content":{"rendered":"","protected":false},"excerpt":{"rendered":"<p><strong>Doll &quot;Kak\u0117 Mak\u0117&quot; 21cm - Soft toy<\/strong><\/p>\n<p>Cute and unique \u2013 this is Kak\u0117 Mak\u0117, who comes straight from the beloved children&#039;s story to your home! She is a wonderful friend for every day, who will encourage your child&#039;s imagination and games.<\/p>\n<p>\u2013 Kak\u0117 Mak\u0117 with her recognizable pink jumpsuit, bright shoes and wide smile invites you to fun adventures! Light and comfortable for little hands. Perfect for taking with you to kindergarten or traveling! This is a great gift. A cute handmade crocheted doll &quot;Kak\u0117 Mak\u0117&quot;. Suitable for decoration, games and will gladly accompany you to the kingdom of dreams. At the same time, Kak\u0117 Mak\u0117 herself will rest from the day&#039;s impressions together. After all, it&#039;s always more fun with two. In reality, the color of the doll may differ slightly. The eyes are securely fastened from the inside.<\/p>\n<p><strong>Gift \u2013<\/strong>for a birthday or just for fun<\/p>\n<p><strong>Thread \u2013\u00a0<\/strong>55% cotton, 45% acrylic<\/p>\n<p><strong>Wash \u2013\u00a0<\/strong>by hand in warm water, gently massaging with your hands<\/p>","protected":false},"featured_media":1357,"comment_status":"open","ping_status":"closed","template":"","meta":[],"product_brand":[],"product_cat":[16],"product_tag":[],"class_list":{"0":"post-1355","1":"product","2":"type-product","3":"status-publish","4":"has-post-thumbnail","6":"product_cat-minksti-zaislai","8":"first","9":"instock","10":"shipping-taxable","11":"purchasable","12":"product-type-simple","13":"customify-col","14":"product-has-gallery"},"jetpack_sharing_enabled":true,"_links":{"self":[{"href":"https:\/\/handmadebyrusanda.com\/en\/wp-json\/wp\/v2\/product\/1355","targetHints":{"allow":["GET"]}}],"collection":[{"href":"https:\/\/handmadebyrusanda.com\/en\/wp-json\/wp\/v2\/product"}],"about":[{"href":"https:\/\/handmadebyrusanda.com\/en\/wp-json\/wp\/v2\/types\/product"}],"replies":[{"embeddable":true,"href":"https:\/\/handmadebyrusanda.com\/en\/wp-json\/wp\/v2\/comments?post=1355"}],"wp:featuredmedia":[{"embeddable":true,"href":"https:\/\/handmadebyrusanda.com\/en\/wp-json\/wp\/v2\/media\/1357"}],"wp:attachment":[{"href":"https:\/\/handmadebyrusanda.com\/en\/wp-json\/wp\/v2\/media?parent=1355"}],"wp:term":[{"taxonomy":"product_brand","embeddable":true,"href":"https:\/\/handmadebyrusanda.com\/en\/wp-json\/wp\/v2\/product_brand?post=1355"},{"taxonomy":"product_cat","embeddable":true,"href":"https:\/\/handmadebyrusanda.com\/en\/wp-json\/wp\/v2\/product_cat?post=1355"},{"taxonomy":"product_tag","embeddable":true,"href":"https:\/\/handmadebyrusanda.com\/en\/wp-json\/wp\/v2\/product_tag?post=1355"}],"curies":[{"name":"wp","href":"https:\/\/api.w.org\/{rel}","templated":true}]}}