{"id":3,"date":"2025-01-06T11:28:54","date_gmt":"2025-01-06T11:28:54","guid":{"rendered":"http:\/\/handmadebyrusanda.com\/?page_id=3"},"modified":"2025-01-30T13:36:31","modified_gmt":"2025-01-30T13:36:31","slug":"privatumo-politika","status":"publish","type":"page","link":"https:\/\/handmadebyrusanda.com\/en\/privatumo-politika\/","title":{"rendered":"Privacy Policy"},"content":{"rendered":"<div data-elementor-type=\"wp-page\" data-elementor-id=\"3\" class=\"elementor elementor-3\">\n\t\t\t\t<div class=\"elementor-element elementor-element-78968f7 e-flex e-con-boxed e-con e-parent\" data-id=\"78968f7\" data-element_type=\"container\" data-e-type=\"container\">\n\t\t\t\t\t<div class=\"e-con-inner\">\n\t\t\t\t<div class=\"elementor-element elementor-element-c84c53b elementor-widget elementor-widget-text-editor\" data-id=\"c84c53b\" data-element_type=\"widget\" data-e-type=\"widget\" data-widget_type=\"text-editor.default\">\n\t\t\t\t<div class=\"elementor-widget-container\">\n\t\t\t\t\t\t\t\t\t<p><strong>Who we are\u00a0<br \/><\/strong>An electronic store operating under Individual Activity Certificate No. 1165004 (owner Rusanda Bumblauskien\u0117). This Privacy Policy describes what personal data we collect and store. Your personal data is processed in accordance with the strict laws of the Republic of Lithuania.<\/p><p><strong>Purposes for which we process your data<br \/><\/strong>When you visit the e-shop, accept cookies, place an order or contact us, we process your data for the following purposes:<\/p><ul><li>Regarding order fulfillment and delivery<\/li><li>Respond to your inquiries<\/li><li>Sending information messages related to your inquiry or order<\/li><li>To receive your opinion or comments<\/li><li>To improve the e-store functions<\/li><\/ul><p><strong>Personal data we store<br \/><\/strong>We collect and store the following personal data:<\/p><ul><li>Name, surname<\/li><li>Email<\/li><li>Phone number<\/li><li>Address, delivery information<\/li><li>Items you have viewed or left in your cart<\/li><\/ul><p><strong>Data subjects&#039; rights<br \/><\/strong>You have the following rights:<\/p><ul><li>To become familiar with and know how your data is processed<\/li><li>Request correction of personal data<\/li><li>Disagree with the processing of personal data<\/li><li>Revoke previously given consent to data processing<\/li><\/ul><p><strong>Transfer of information to third parties<br \/><\/strong>We may transfer your personal data to third parties only in the following cases:<\/p><ul><li>For smooth order fulfillment<\/li><li>To protect your rights as a Data Controller<\/li><li>Investigating financial crimes<\/li><li>Upon receipt of a request from State institutions<\/li><\/ul><p>We cannot disclose your personal data in any other way.<\/p><p><strong>Personal data security<br \/><\/strong>We use reliable servers and other technologies to protect your personal data. However, please note that we cannot guarantee the absolute security of your personal data.<\/p><p><strong>Cookies<br \/><\/strong>When you browse our e-shop, we automatically collect information about your device (IP address, time zone, device cookies). We also collect data about which pages of the e-shop you browse or which products you view. You can also opt out of using cookies, but in this case some of the e-shop&#039;s features may not work or may not work properly.<\/p><p><strong>Final provisions<br \/><\/strong>If you believe that your personal data is being processed incorrectly or you have other complaints, please contact: <a href=\"mailto:knopkute777@gmail.com\">knopkute777@gmail.com<\/a>.<br \/>All complaints or violations are first resolved by mutual agreement through negotiations. If a general agreement is not reached, disputes are resolved in accordance with the procedure established by the laws of the Republic of Lithuania.<\/p>\t\t\t\t\t\t\t\t<\/div>\n\t\t\t\t<\/div>\n\t\t\t\t\t<\/div>\n\t\t\t\t<\/div>\n\t\t\t\t<\/div>","protected":false},"excerpt":{"rendered":"<p>Kas mes esame\u00a0Elektronin\u0117 parduotuv\u0117, veikianti pagal Individualios veiklos pa\u017eym\u0105 Nr. 1165004 (savininkas Rusanda Bumblauskien\u0117). \u0160i Privatumo politika apra\u0161o, kokius asmens duomenis renkame ir saugome. J\u016bs\u0173&hellip;<\/p>","protected":false},"author":1,"featured_media":0,"parent":0,"menu_order":0,"comment_status":"closed","ping_status":"closed","template":"","meta":{"footnotes":""},"class_list":["post-3","page","type-page","status-publish","hentry"],"jetpack_sharing_enabled":true,"_links":{"self":[{"href":"https:\/\/handmadebyrusanda.com\/en\/wp-json\/wp\/v2\/pages\/3","targetHints":{"allow":["GET"]}}],"collection":[{"href":"https:\/\/handmadebyrusanda.com\/en\/wp-json\/wp\/v2\/pages"}],"about":[{"href":"https:\/\/handmadebyrusanda.com\/en\/wp-json\/wp\/v2\/types\/page"}],"author":[{"embeddable":true,"href":"https:\/\/handmadebyrusanda.com\/en\/wp-json\/wp\/v2\/users\/1"}],"replies":[{"embeddable":true,"href":"https:\/\/handmadebyrusanda.com\/en\/wp-json\/wp\/v2\/comments?post=3"}],"version-history":[{"count":21,"href":"https:\/\/handmadebyrusanda.com\/en\/wp-json\/wp\/v2\/pages\/3\/revisions"}],"predecessor-version":[{"id":624,"href":"https:\/\/handmadebyrusanda.com\/en\/wp-json\/wp\/v2\/pages\/3\/revisions\/624"}],"wp:attachment":[{"href":"https:\/\/handmadebyrusanda.com\/en\/wp-json\/wp\/v2\/media?parent=3"}],"curies":[{"name":"wp","href":"https:\/\/api.w.org\/{rel}","templated":true}]}}